{"id":3600,"date":"2024-08-29T13:52:09","date_gmt":"2024-08-29T13:52:09","guid":{"rendered":"https:\/\/voxenergyconsultants.visualbit.pt\/?page_id=3600"},"modified":"2024-12-30T15:11:16","modified_gmt":"2024-12-30T15:11:16","slug":"disclaimer","status":"publish","type":"page","link":"https:\/\/vox-oil.com\/en\/disclaimer\/","title":{"rendered":"DISCLAIMER"},"content":{"rendered":"<p><strong><span class=\"jCAhz ChMk0b\"><span class=\"ryNqvb\">Disclaimer <\/span><\/span><\/strong><\/p>\r\n<p><span class=\"jCAhz ChMk0b\"><span class=\"ryNqvb\">This website was created by Vox Oil<\/span><\/span>\u00a0<span class=\"jCAhz ChMk0b\"><span class=\"ryNqvb\">for informational purposes only and does not constitute technical advice or recommendation of any kind.<\/span><\/span><\/p>\r\n<p><span class=\"jCAhz ChMk0b\"><span class=\"ryNqvb\">The material on the Site is provided \u201cas is\u201d without any conditions, warranties or other terms of any kind.<\/span><\/span> <span class=\"jCAhz ChMk0b\"><span class=\"ryNqvb\">Accordingly, to the maximum extent permitted by law, Vox Vox \u2013 Oil provides the Site to you on the basis that Vox Oil excludes all representations, warranties, conditions and other terms (including, without limitation, conditions implied by law of satisfactory quality, fitness for purpose and the use of reasonable care and skill) which but for this legal notice might have effect in relation to the Site. <\/span><\/span><\/p>\r\n<p><span class=\"jCAhz\"><span class=\"ryNqvb\">Although Vox Oil endeavors to ensure that the information on the Site is correct, as all information has been obtained from sources believed to be reliable, Vox Oil does not guarantee the accuracy, depth or completeness of the material on the Site.<\/span><\/span> <span class=\"jCAhz\"><span class=\"ryNqvb\">This Site may contain technical inaccuracies and changes to the information contained herein may be made at any time. <\/span><\/span><\/p>\r\n<p><span class=\"jCAhz ChMk0b\"><span class=\"ryNqvb\">Vox Oil may make changes to the products and prices described on the Site at any time without prior notice. <\/span><\/span><\/p>\r\n<p><span class=\"jCAhz ChMk0b\"><span class=\"ryNqvb\">The success of any dealings based on the information provided on the website cannot be guaranteed and Vox Oil is not responsible for any actions (or lack thereof) taken as a result of relying on or in any way using the information contained on this website and in any way Event will be responsible for any damages resulting from reliance on or use of this information. <\/span><\/span><\/p>\r\n<p><span class=\"jCAhz ChMk0b\"><span class=\"ryNqvb\">This website may contain links to other web pages.<\/span><\/span> <span class=\"jCAhz ChMk0b\"><span class=\"ryNqvb\">The inclusion of such links, however, does not constitute references or endorsements of the linked entities.<\/span><\/span> <span class=\"jCAhz JpY6Fd\"><span class=\"ryNqvb\">Vox Oil specifically disclaims any responsibility for the positions taken by users in their individual cases or for any misunderstandings on the part of users of this site or any linked sites. <\/span><\/span><\/p>\r\n<p><span class=\"jCAhz JpY6Fd\"><span class=\"ryNqvb\">Descriptions of, references to, or access to other publications on the Site do not imply endorsement of those publications.<\/span><\/span><\/p>","protected":false},"excerpt":{"rendered":"<p>Isen\u00e7\u00e3o de responsabilidade Este site foi elaborado pela Vox Oil\u00a0apenas para fins informativos e n\u00e3o constitui aconselhamento t\u00e9cnico ou recomenda\u00e7\u00e3o de qualquer tipo. O material do Site \u00e9 fornecido \u201ctal &#8230;<\/p>","protected":false},"author":1,"featured_media":0,"parent":0,"menu_order":0,"comment_status":"closed","ping_status":"closed","template":"","meta":{"footnotes":""},"class_list":["post-3600","page","type-page","status-publish","hentry"],"yoast_head":"<!-- This site is optimized with the Yoast SEO plugin v25.3 - https:\/\/yoast.com\/wordpress\/plugins\/seo\/ -->\n<title>ISEN\u00c7\u00c3O DE RESPONSABILIDADE - Vox Oil<\/title>\n<meta name=\"description\" content=\"Vox Oil&#039;s main focus is to facilitate the trade of quality oil and oil products around the world, with a solid foundation of integrity.\" \/>\n<meta name=\"robots\" content=\"index, follow, max-snippet:-1, max-image-preview:large, max-video-preview:-1\" \/>\n<link rel=\"canonical\" href=\"https:\/\/vox-oil.com\/en\/disclaimer\/\" \/>\n<meta property=\"og:locale\" content=\"en_GB\" \/>\n<meta property=\"og:type\" content=\"article\" \/>\n<meta property=\"og:title\" content=\"ISEN\u00c7\u00c3O DE RESPONSABILIDADE - Vox Oil\" \/>\n<meta property=\"og:description\" content=\"Vox Oil&#039;s main focus is to facilitate the trade of quality oil and oil products around the world, with a solid foundation of integrity.\" \/>\n<meta property=\"og:url\" content=\"https:\/\/vox-oil.com\/en\/disclaimer\/\" \/>\n<meta property=\"og:site_name\" content=\"Vox Oil\" \/>\n<meta property=\"article:modified_time\" content=\"2024-12-30T15:11:16+00:00\" \/>\n<meta name=\"twitter:card\" content=\"summary_large_image\" \/>\n<meta name=\"twitter:label1\" content=\"Estimated reading time\" \/>\n\t<meta name=\"twitter:data1\" content=\"2 minutes\" \/>\n<script type=\"application\/ld+json\" class=\"yoast-schema-graph\">{\"@context\":\"https:\/\/schema.org\",\"@graph\":[{\"@type\":\"WebPage\",\"@id\":\"https:\/\/vox-oil.com\/en\/disclaimer\/\",\"url\":\"https:\/\/vox-oil.com\/en\/disclaimer\/\",\"name\":\"ISEN\u00c7\u00c3O DE RESPONSABILIDADE - Vox Oil\",\"isPartOf\":{\"@id\":\"https:\/\/vox-oil.com\/en\/#website\"},\"datePublished\":\"2024-08-29T13:52:09+00:00\",\"dateModified\":\"2024-12-30T15:11:16+00:00\",\"description\":\"Vox Oil's main focus is to facilitate the trade of quality oil and oil products around the world, with a solid foundation of integrity.\",\"breadcrumb\":{\"@id\":\"https:\/\/vox-oil.com\/en\/disclaimer\/#breadcrumb\"},\"inLanguage\":\"en-GB\",\"potentialAction\":[{\"@type\":\"ReadAction\",\"target\":[\"https:\/\/vox-oil.com\/en\/disclaimer\/\"]}]},{\"@type\":\"BreadcrumbList\",\"@id\":\"https:\/\/vox-oil.com\/en\/disclaimer\/#breadcrumb\",\"itemListElement\":[{\"@type\":\"ListItem\",\"position\":1,\"name\":\"In\u00edcio\",\"item\":\"https:\/\/vox-oil.com\/en\/\"},{\"@type\":\"ListItem\",\"position\":2,\"name\":\"ISEN\u00c7\u00c3O DE RESPONSABILIDADE\"}]},{\"@type\":\"WebSite\",\"@id\":\"https:\/\/vox-oil.com\/en\/#website\",\"url\":\"https:\/\/vox-oil.com\/en\/\",\"name\":\"Vox Oil\",\"description\":\"\",\"publisher\":{\"@id\":\"https:\/\/vox-oil.com\/en\/#organization\"},\"potentialAction\":[{\"@type\":\"SearchAction\",\"target\":{\"@type\":\"EntryPoint\",\"urlTemplate\":\"https:\/\/vox-oil.com\/en\/?s={search_term_string}\"},\"query-input\":{\"@type\":\"PropertyValueSpecification\",\"valueRequired\":true,\"valueName\":\"search_term_string\"}}],\"inLanguage\":\"en-GB\"},{\"@type\":\"Organization\",\"@id\":\"https:\/\/vox-oil.com\/en\/#organization\",\"name\":\"Vox Oil\",\"url\":\"https:\/\/vox-oil.com\/en\/\",\"logo\":{\"@type\":\"ImageObject\",\"inLanguage\":\"en-GB\",\"@id\":\"https:\/\/vox-oil.com\/en\/#\/schema\/logo\/image\/\",\"url\":\"https:\/\/vox-oil.com\/wp-content\/uploads\/2024\/08\/vox_logo.png\",\"contentUrl\":\"https:\/\/vox-oil.com\/wp-content\/uploads\/2024\/08\/vox_logo.png\",\"width\":427,\"height\":332,\"caption\":\"Vox Oil\"},\"image\":{\"@id\":\"https:\/\/vox-oil.com\/en\/#\/schema\/logo\/image\/\"}}]}<\/script>\n<!-- \/ Yoast SEO plugin. -->","yoast_head_json":{"title":"ISEN\u00c7\u00c3O DE RESPONSABILIDADE - Vox Oil","description":"Vox Oil's main focus is to facilitate the trade of quality oil and oil products around the world, with a solid foundation of integrity.","robots":{"index":"index","follow":"follow","max-snippet":"max-snippet:-1","max-image-preview":"max-image-preview:large","max-video-preview":"max-video-preview:-1"},"canonical":"https:\/\/vox-oil.com\/en\/disclaimer\/","og_locale":"en_GB","og_type":"article","og_title":"ISEN\u00c7\u00c3O DE RESPONSABILIDADE - Vox Oil","og_description":"Vox Oil's main focus is to facilitate the trade of quality oil and oil products around the world, with a solid foundation of integrity.","og_url":"https:\/\/vox-oil.com\/en\/disclaimer\/","og_site_name":"Vox Oil","article_modified_time":"2024-12-30T15:11:16+00:00","twitter_card":"summary_large_image","twitter_misc":{"Estimated reading time":"2 minutes"},"schema":{"@context":"https:\/\/schema.org","@graph":[{"@type":"WebPage","@id":"https:\/\/vox-oil.com\/en\/disclaimer\/","url":"https:\/\/vox-oil.com\/en\/disclaimer\/","name":"ISEN\u00c7\u00c3O DE RESPONSABILIDADE - Vox Oil","isPartOf":{"@id":"https:\/\/vox-oil.com\/en\/#website"},"datePublished":"2024-08-29T13:52:09+00:00","dateModified":"2024-12-30T15:11:16+00:00","description":"Vox Oil's main focus is to facilitate the trade of quality oil and oil products around the world, with a solid foundation of integrity.","breadcrumb":{"@id":"https:\/\/vox-oil.com\/en\/disclaimer\/#breadcrumb"},"inLanguage":"en-GB","potentialAction":[{"@type":"ReadAction","target":["https:\/\/vox-oil.com\/en\/disclaimer\/"]}]},{"@type":"BreadcrumbList","@id":"https:\/\/vox-oil.com\/en\/disclaimer\/#breadcrumb","itemListElement":[{"@type":"ListItem","position":1,"name":"In\u00edcio","item":"https:\/\/vox-oil.com\/en\/"},{"@type":"ListItem","position":2,"name":"ISEN\u00c7\u00c3O DE RESPONSABILIDADE"}]},{"@type":"WebSite","@id":"https:\/\/vox-oil.com\/en\/#website","url":"https:\/\/vox-oil.com\/en\/","name":"Vox Oil","description":"","publisher":{"@id":"https:\/\/vox-oil.com\/en\/#organization"},"potentialAction":[{"@type":"SearchAction","target":{"@type":"EntryPoint","urlTemplate":"https:\/\/vox-oil.com\/en\/?s={search_term_string}"},"query-input":{"@type":"PropertyValueSpecification","valueRequired":true,"valueName":"search_term_string"}}],"inLanguage":"en-GB"},{"@type":"Organization","@id":"https:\/\/vox-oil.com\/en\/#organization","name":"Vox Oil","url":"https:\/\/vox-oil.com\/en\/","logo":{"@type":"ImageObject","inLanguage":"en-GB","@id":"https:\/\/vox-oil.com\/en\/#\/schema\/logo\/image\/","url":"https:\/\/vox-oil.com\/wp-content\/uploads\/2024\/08\/vox_logo.png","contentUrl":"https:\/\/vox-oil.com\/wp-content\/uploads\/2024\/08\/vox_logo.png","width":427,"height":332,"caption":"Vox Oil"},"image":{"@id":"https:\/\/vox-oil.com\/en\/#\/schema\/logo\/image\/"}}]}},"_links":{"self":[{"href":"https:\/\/vox-oil.com\/en\/wp-json\/wp\/v2\/pages\/3600","targetHints":{"allow":["GET"]}}],"collection":[{"href":"https:\/\/vox-oil.com\/en\/wp-json\/wp\/v2\/pages"}],"about":[{"href":"https:\/\/vox-oil.com\/en\/wp-json\/wp\/v2\/types\/page"}],"author":[{"embeddable":true,"href":"https:\/\/vox-oil.com\/en\/wp-json\/wp\/v2\/users\/1"}],"replies":[{"embeddable":true,"href":"https:\/\/vox-oil.com\/en\/wp-json\/wp\/v2\/comments?post=3600"}],"version-history":[{"count":6,"href":"https:\/\/vox-oil.com\/en\/wp-json\/wp\/v2\/pages\/3600\/revisions"}],"predecessor-version":[{"id":3669,"href":"https:\/\/vox-oil.com\/en\/wp-json\/wp\/v2\/pages\/3600\/revisions\/3669"}],"wp:attachment":[{"href":"https:\/\/vox-oil.com\/en\/wp-json\/wp\/v2\/media?parent=3600"}],"curies":[{"name":"wp","href":"https:\/\/api.w.org\/{rel}","templated":true}]}}